{"id":9187,"date":"2025-02-13T15:41:50","date_gmt":"2025-02-13T12:41:50","guid":{"rendered":"https:\/\/www.bakkalkoy.com\/contrat-de-vente-a-distance\/"},"modified":"2026-01-08T10:47:33","modified_gmt":"2026-01-08T07:47:33","slug":"contrat-de-vente-a-distance","status":"publish","type":"page","link":"https:\/\/www.bakkalkoy.com\/fr\/contrat-de-vente-a-distance\/","title":{"rendered":"Contrat de vente \u00e0 distance"},"content":{"rendered":"\n<h1 class=\"wp-block-heading\">Contrat de vente \u00e0 distance<\/h1>\n\n<ol start=\"1\" class=\"wp-block-list\">\n<li>PARTIES Le pr\u00e9sent accord a \u00e9t\u00e9 sign\u00e9 entre les parties suivantes selon les termes et conditions \u00e9nonc\u00e9s ci-dessous.<\/li>\n<\/ol>\n\n<p><strong>DESTINATAIRE :<\/strong><br\/>NOM-PR\u00c9NOM :<br\/>ADRESSE :<\/p>\n\n<p><strong>VENDEUR :<\/strong><br\/>Bakkalk\u00f6y Company<br\/>Titre : Bakkalkoy Company<br\/>Adresse :<br\/>T\u00e9l\u00e9phone :<br\/>E-mail :<\/p>\n\n<p>En acceptant le pr\u00e9sent contrat, l&rsquo;ACHETEUR accepte \u00e0 l&rsquo;avance que s&rsquo;il approuve la commande faisant l&rsquo;objet du contrat, il sera tenu de payer le prix faisant l&rsquo;objet de la commande et les frais suppl\u00e9mentaires tels que les frais d&rsquo;exp\u00e9dition, les taxes, le cas \u00e9ch\u00e9ant, et qu&rsquo;il a \u00e9t\u00e9 inform\u00e9 \u00e0 cet \u00e9gard.<\/p>\n\n<ol start=\"2\" class=\"wp-block-list\">\n<li>D\u00c9FINITIONS Pour l&rsquo;application et l&rsquo;interpr\u00e9tation du pr\u00e9sent accord, les termes suivants signifient les explications \u00e9crites qui leur font face :<\/li>\n<\/ol>\n\n<ul class=\"wp-block-list\">\n<li><strong>MINISTRE<\/strong> Ministre des douanes et du commerce,<\/li>\n\n\n\n<li><strong>MINIST\u00c8RE<\/strong> Minist\u00e8re des douanes et du commerce,<\/li>\n\n\n\n<li><strong>LOI<\/strong> Loi n\u00b0 6502 sur la protection des consommateurs,<\/li>\n\n\n\n<li><strong>R\u00c8GLEMENT<\/strong> R\u00e8glement sur les contrats \u00e0 distance,<\/li>\n\n\n\n<li><strong>SERVICE<\/strong>: toute transaction de consommation, autre que la fourniture de biens, qui est effectu\u00e9e ou s&rsquo;engage \u00e0 \u00eatre effectu\u00e9e en \u00e9change d&rsquo;une r\u00e9mun\u00e9ration ou d&rsquo;un avantage,<\/li>\n\n\n\n<li><strong>VENDEUR<\/strong>: L&rsquo;entreprise qui offre des biens au consommateur dans le cadre de ses activit\u00e9s commerciales ou professionnelles ou qui agit au nom ou pour le compte des biens,<\/li>\n\n\n\n<li><strong>ACHETEUR<\/strong>: Personne physique ou morale qui acquiert, utilise ou b\u00e9n\u00e9ficie d&rsquo;un bien ou d&rsquo;un service \u00e0 des fins commerciales ou non professionnelles,<\/li>\n\n\n\n<li><strong>SITE<\/strong>: Le site web du VENDEUR,<\/li>\n\n\n\n<li><strong>DONNEUR D&rsquo;ORDRE<\/strong>: Une personne physique ou morale qui demande un bien ou un service par le biais du site web du VENDEUR,<\/li>\n\n\n\n<li><strong>PARTIES<\/strong>: VENDEUR et ACHETEUR,<\/li>\n\n\n\n<li><strong>CONTRAT<\/strong>: Le pr\u00e9sent contrat conclu entre le VENDEUR et l&rsquo;ACHETEUR,<\/li>\n\n\n\n<li><strong>MARCHANDISES<\/strong>: il s&rsquo;agit de biens meubles soumis au magasinage et de logiciels, de mat\u00e9riel audio et vid\u00e9o et de biens incorporels similaires pr\u00e9par\u00e9s pour \u00eatre utilis\u00e9s dans des m\u00e9dias \u00e9lectroniques.<\/li>\n<\/ul>\n\n<ol start=\"3\" class=\"wp-block-list\">\n<li>OBJET Le pr\u00e9sent contrat r\u00e9git les droits et obligations des parties conform\u00e9ment aux dispositions de la loi n\u00b0 6502 sur la protection des consommateurs et du r\u00e8glement sur les contrats \u00e0 distance en ce qui concerne la vente et la livraison du produit dont les caract\u00e9ristiques et le prix de vente sont sp\u00e9cifi\u00e9s ci-dessous, que l&rsquo;ACHETEUR a command\u00e9 par voie \u00e9lectronique sur le site Web de la soci\u00e9t\u00e9 Bakkalk\u00f6y.<\/li>\n<\/ol>\n\n<p>Les prix indiqu\u00e9s et annonc\u00e9s sur le site sont les prix de vente. Les prix annonc\u00e9s et les promesses sont valables jusqu&rsquo;\u00e0 ce qu&rsquo;ils soient mis \u00e0 jour et modifi\u00e9s. Les prix annonc\u00e9s pour une p\u00e9riode donn\u00e9e sont valables jusqu&rsquo;\u00e0 la fin de la p\u00e9riode sp\u00e9cifi\u00e9e.  <\/p>\n\n<ol start=\"4\" class=\"wp-block-list\">\n<li>INFORMATIONS SUR LE VENDEUR Titre : Bakkalk\u00f6y Company<br\/>Adresse :<br\/>T\u00e9l\u00e9phone :<br\/>E-mail :<\/li>\n\n\n\n<li>INFORMATIONS SUR LE RECIPIENT Adresse de livraison :<br\/>Adresse de livraison :<br\/>T\u00e9l\u00e9phone :<br\/>Email\/nom d&rsquo;utilisateur :<\/li>\n\n\n\n<li>INFORMATIONS SUR LA PERSONNE QUI COMMANDE Nom\/Pr\u00e9nom\/Titre :<br\/>Adresse :<br\/>T\u00e9l\u00e9phone :<br\/>E-mail\/nom d&rsquo;utilisateur :<\/li>\n\n\n\n<li>Les sp\u00e9cifications de base (type, quantit\u00e9, marque \/ mod\u00e8le, couleur, quantit\u00e9) des biens \/ produits \/ produits \/ produits \/ services sont publi\u00e9es sur le site web du VENDEUR. <\/li>\n<\/ol>\n\n<p>7.2 <strong>Prix<\/strong> Les prix indiqu\u00e9s et annonc\u00e9s sur le site web sont les prix de vente. Les prix annonc\u00e9s et les promesses sont valables jusqu&rsquo;\u00e0 ce qu&rsquo;ils soient mis \u00e0 jour et modifi\u00e9s. Les prix annonc\u00e9s pour une p\u00e9riode donn\u00e9e sont valables jusqu&rsquo;\u00e0 la fin de cette p\u00e9riode.  <\/p>\n\n<p>7.3 <strong>Taxes et paiements<\/strong> Le prix de vente TTC des biens ou services faisant l&rsquo;objet du contrat est indiqu\u00e9 ci-dessous.<\/p>\n\n<figure class=\"wp-block-table\"><table class=\"has-fixed-layout\"><tbody><tr><th>Description du produit<\/th><th>Quantit\u00e9<\/th><th>Prix unitaire<\/th><th>Total provisoire (TVA incluse)<\/th><\/tr><tr><td>Produit 1<\/td><td>1<\/td><td>100,00 TL<\/td><td>100,00 TL<\/td><\/tr><\/tbody><\/table><\/figure>\n\n<p>Montant de l&rsquo;exp\u00e9dition : 20.00 TL<br\/>Total : 120.00 TL<\/p>\n\n<ol start=\"8\" class=\"wp-block-list\">\n<li>INFORMATIONS SUR LA FACTURE Nom\/Pr\u00e9nom\/Titre :<br\/>Adresse :<br\/>T\u00e9l\u00e9phone :<br\/>E-mail\/nom d&rsquo;utilisateur :<br\/>Livraison de la facture : La facture sera livr\u00e9e avec la commande \u00e0 l&rsquo;adresse de facturation lors de la livraison de la commande.<\/li>\n\n\n\n<li>DISPOSITIONS G\u00c9N\u00c9RALES L&rsquo;ACHETEUR accepte, d\u00e9clare et s&rsquo;engage \u00e0 avoir lu et pris connaissance des informations pr\u00e9liminaires sur les qualit\u00e9s de base du produit faisant l&rsquo;objet du contrat, le prix de vente et le mode de paiement et de livraison sur le site web du VENDEUR et \u00e0 avoir donn\u00e9 la confirmation n\u00e9cessaire par voie \u00e9lectronique.<\/li>\n\n\n\n<li>DROIT DE RETRAIT Si le contrat \u00e0 distance porte sur la vente de biens, l&rsquo;ACHETEUR peut exercer le droit de retrait du contrat en refusant les biens sans aucune justification dans un d\u00e9lai de 14 jours \u00e0 compter de la date de livraison du produit \u00e0 lui-m\u00eame ou \u00e0 la personne\/l&rsquo;organisation \u00e0 l&rsquo;adresse indiqu\u00e9e par lui, \u00e0 condition d&rsquo;en informer le VENDEUR.<\/li>\n\n\n\n<li>PRODUITS POUR LESQUELS LE DROIT DE RETRAIT NE PEUT \u00caTRE UTILIS\u00c9 Les produits pr\u00e9par\u00e9s conform\u00e9ment \u00e0 la demande de l&rsquo;ACHETEUR ou \u00e0 des besoins explicitement personnels, tels que les sous-v\u00eatements, le mat\u00e9riel de maquillage, les produits jetables, sont exclus du champ d&rsquo;application du droit de r\u00e9tractation.<\/li>\n\n\n\n<li>L&rsquo;ACHETEUR accepte, d\u00e9clare et s&rsquo;engage \u00e0 ce qu&rsquo;en cas de d\u00e9faillance de l&rsquo;ACHETEUR dans le cas o\u00f9 il effectue les transactions de paiement par carte de cr\u00e9dit, il paiera des int\u00e9r\u00eats dans le cadre du contrat de carte de cr\u00e9dit entre le titulaire de la carte et la banque et sera responsable vis-\u00e0-vis de la banque.<\/li>\n\n\n\n<li>Les r\u00e9clamations et objections relatives aux litiges d\u00e9coulant du pr\u00e9sent contrat sont adress\u00e9es au comit\u00e9 d&rsquo;arbitrage des probl\u00e8mes de consommation ou au tribunal de la consommation du lieu o\u00f9 se trouve le consommateur ou du lieu o\u00f9 la transaction de consommation a \u00e9t\u00e9 effectu\u00e9e.<\/li>\n\n\n\n<li>EFFICACIT\u00c9 L&rsquo;ACHETEUR est r\u00e9put\u00e9 avoir accept\u00e9 toutes les conditions du pr\u00e9sent accord lorsqu&rsquo;il effectue le paiement de la commande pass\u00e9e par l&rsquo;interm\u00e9diaire du site.<\/li>\n<\/ol>\n","protected":false},"excerpt":{"rendered":"<p>Contrat de vente \u00e0 distance DESTINATAIRE :NOM-PR\u00c9NOM :ADRESSE : VENDEUR :Bakkalk\u00f6y CompanyTitre : Bakkalkoy CompanyAdresse :T\u00e9l\u00e9phone :E-mail : En acceptant le pr\u00e9sent contrat, l&rsquo;ACHETEUR accepte \u00e0 l&rsquo;avance que s&rsquo;il approuve la commande faisant l&rsquo;objet du contrat, il sera tenu de payer le prix faisant l&rsquo;objet de la commande et les frais suppl\u00e9mentaires tels que les [&hellip;]<\/p>\n","protected":false},"author":1,"featured_media":0,"parent":0,"menu_order":0,"comment_status":"closed","ping_status":"closed","template":"","meta":{"footnotes":""},"class_list":["post-9187","page","type-page","status-publish","hentry"],"_links":{"self":[{"href":"https:\/\/www.bakkalkoy.com\/fr\/wp-json\/wp\/v2\/pages\/9187","targetHints":{"allow":["GET"]}}],"collection":[{"href":"https:\/\/www.bakkalkoy.com\/fr\/wp-json\/wp\/v2\/pages"}],"about":[{"href":"https:\/\/www.bakkalkoy.com\/fr\/wp-json\/wp\/v2\/types\/page"}],"author":[{"embeddable":true,"href":"https:\/\/www.bakkalkoy.com\/fr\/wp-json\/wp\/v2\/users\/1"}],"replies":[{"embeddable":true,"href":"https:\/\/www.bakkalkoy.com\/fr\/wp-json\/wp\/v2\/comments?post=9187"}],"version-history":[{"count":1,"href":"https:\/\/www.bakkalkoy.com\/fr\/wp-json\/wp\/v2\/pages\/9187\/revisions"}],"predecessor-version":[{"id":9188,"href":"https:\/\/www.bakkalkoy.com\/fr\/wp-json\/wp\/v2\/pages\/9187\/revisions\/9188"}],"wp:attachment":[{"href":"https:\/\/www.bakkalkoy.com\/fr\/wp-json\/wp\/v2\/media?parent=9187"}],"curies":[{"name":"wp","href":"https:\/\/api.w.org\/{rel}","templated":true}]}}