{"id":9199,"date":"2025-02-13T15:30:49","date_gmt":"2025-02-13T12:30:49","guid":{"rendered":"https:\/\/www.bakkalkoy.com\/politique-de-confidentialite-et-de-securite\/"},"modified":"2026-01-08T11:05:48","modified_gmt":"2026-01-08T08:05:48","slug":"politique-de-confidentialite-et-de-securite","status":"publish","type":"page","link":"https:\/\/www.bakkalkoy.com\/fr\/politique-de-confidentialite-et-de-securite\/","title":{"rendered":"Politique de Confidentialit\u00e9 et de S\u00e9curit\u00e9"},"content":{"rendered":"\n<h1 class=\"wp-block-heading\">Politique de Confidentialit\u00e9 et de S\u00e9curit\u00e9<\/h1>\n\n<p>Tous les services propos\u00e9s dans notre magasin appartiennent \u00e0 la soci\u00e9t\u00e9 Bakkalk\u00f6y enregistr\u00e9e \u00e0 [adresse] et sont g\u00e9r\u00e9s par notre soci\u00e9t\u00e9.<\/p>\n\n<p>Notre entreprise peut collecter des donn\u00e9es personnelles \u00e0 diverses fins. Nous pr\u00e9cisons ci-dessous comment et de quelle mani\u00e8re les donn\u00e9es personnelles sont collect\u00e9es, comment et de quelle mani\u00e8re ces donn\u00e9es sont prot\u00e9g\u00e9es. <\/p>\n\n<p>Certaines informations personnelles (telles que le nom et le pr\u00e9nom, les informations sur la soci\u00e9t\u00e9, le t\u00e9l\u00e9phone, l&rsquo;adresse ou l&rsquo;adresse \u00e9lectronique) des membres qui remplissent divers formulaires et questionnaires sur notre site d&rsquo;adh\u00e9sion ou notre boutique sont collect\u00e9es par notre soci\u00e9t\u00e9 en raison de la nature de l&rsquo;activit\u00e9.<\/p>\n\n<p>Notre soci\u00e9t\u00e9 peut envoyer des informations sur des campagnes, des informations sur de nouveaux produits, des offres promotionnelles \u00e0 ses clients et \u00e0 ses membres \u00e0 certaines p\u00e9riodes. Nos membres peuvent choisir de recevoir ou non ces informations lorsqu&rsquo;ils deviennent membres, puis apr\u00e8s s&rsquo;\u00eatre connect\u00e9s, ils peuvent modifier cette s\u00e9lection dans la section d&rsquo;information sur le compte ou faire une notification via le lien dans le message de notification re\u00e7u. <\/p>\n\n<p>Lors du processus d&rsquo;approbation effectu\u00e9 dans notre magasin ou par e-mail, les informations personnelles transmises \u00e0 notre soci\u00e9t\u00e9 par voie \u00e9lectronique par nos membres ne seront pas divulgu\u00e9es \u00e0 des tiers, sauf aux fins et dans le cadre sp\u00e9cifi\u00e9s dans le \u00ab\u00a0contrat d&rsquo;utilisation\u00a0\u00bb que nous avons conclu avec nos membres.<\/p>\n\n<p>Afin d&rsquo;identifier les probl\u00e8mes du syst\u00e8me et de r\u00e9soudre rapidement les probl\u00e8mes ou les litiges qui peuvent survenir concernant le service fourni, notre soci\u00e9t\u00e9 enregistre et utilise l&rsquo;adresse IP de ses membres. Les adresses IP peuvent \u00e9galement \u00eatre utilis\u00e9es pour identifier les utilisateurs de mani\u00e8re g\u00e9n\u00e9rale et pour collecter des informations d\u00e9mographiques compl\u00e8tes. <\/p>\n\n<p>Notre soci\u00e9t\u00e9 peut \u00e9galement utiliser les informations demand\u00e9es \u00e0 des fins de marketing direct par elle-m\u00eame ou par ses collaborateurs en dehors des objectifs et du champ d&rsquo;application sp\u00e9cifi\u00e9s dans l&rsquo;accord d&rsquo;adh\u00e9sion. Les informations personnelles peuvent \u00e9galement \u00eatre utilis\u00e9es pour contacter l&rsquo;utilisateur si n\u00e9cessaire. Les informations demand\u00e9es par notre soci\u00e9t\u00e9 ou les informations fournies par l&rsquo;utilisateur ou les informations sur les transactions effectu\u00e9es par l&rsquo;interm\u00e9diaire de notre magasin peuvent \u00eatre utilis\u00e9es par notre soci\u00e9t\u00e9 et ses collaborateurs pour diverses \u00e9valuations statistiques, la cr\u00e9ation de bases de donn\u00e9es et des \u00e9tudes de march\u00e9 sans divulguer l&rsquo;identit\u00e9 de nos membres, en dehors des objectifs et du champ d&rsquo;application sp\u00e9cifi\u00e9s dans l'\u00a0\u00bbAccord d&rsquo;adh\u00e9sion\u00a0\u00bb.  <\/p>\n\n<p>Notre entreprise s&rsquo;engage \u00e0 garder les informations confidentielles strictement priv\u00e9es et confidentielles, \u00e0 les consid\u00e9rer comme une obligation de confidentialit\u00e9, \u00e0 prendre toutes les mesures n\u00e9cessaires et \u00e0 faire preuve de diligence raisonnable pour assurer et maintenir la confidentialit\u00e9, pour emp\u00eacher que tout ou partie des informations confidentielles ne tombent dans le domaine public ou ne soient utilis\u00e9es ou divulgu\u00e9es \u00e0 un tiers sans autorisation.<\/p>\n\n<p><strong>S\u00c9CURIT\u00c9 DES CARTES DE CR\u00c9DIT<\/strong><\/p>\n\n<p>Notre soci\u00e9t\u00e9 accorde la priorit\u00e9 \u00e0 la s\u00e9curit\u00e9 des d\u00e9tenteurs de cartes de cr\u00e9dit qui effectuent des achats sur nos sites marchands. Les informations relatives \u00e0 votre carte de cr\u00e9dit ne sont en aucun cas stock\u00e9es dans notre syst\u00e8me. <\/p>\n\n<p>Lorsque vous entrez dans le processus de transaction, il y a deux choses auxquelles vous devez pr\u00eater attention pour comprendre que vous \u00eates sur un site s\u00e9curis\u00e9. L&rsquo;un d&rsquo;eux est l&rsquo;ic\u00f4ne d&rsquo;une cl\u00e9 ou d&rsquo;un cadenas sur la ligne inf\u00e9rieure de votre navigateur. Cela indique que vous \u00eates sur un site s\u00e9curis\u00e9 et que toutes vos informations sont crypt\u00e9es et prot\u00e9g\u00e9es. Ces informations ne sont utilis\u00e9es que dans le cadre du processus de vente et conform\u00e9ment \u00e0 vos instructions. Les informations relatives \u00e0 la carte de cr\u00e9dit utilis\u00e9e lors des achats sont crypt\u00e9es avec le protocole SSL (Secure Sockets Layer) 128 bits ind\u00e9pendamment de nos sites d&rsquo;achat et envoy\u00e9es \u00e0 la banque concern\u00e9e pour enqu\u00eate. Si l&rsquo;utilisation de la carte est approuv\u00e9e, les achats se poursuivent. \u00c9tant donn\u00e9 que nous ne pouvons consulter et enregistrer aucune information sur la carte, nous emp\u00eachons les tiers d&rsquo;obtenir ces informations en toutes circonstances.      <\/p>\n\n<p>La fiabilit\u00e9 des informations relatives au paiement \/ \u00e0 la facturation \/ \u00e0 l&rsquo;adresse de livraison des commandes pass\u00e9es en ligne par carte de cr\u00e9dit est v\u00e9rifi\u00e9e par notre soci\u00e9t\u00e9 contre la fraude \u00e0 la carte de cr\u00e9dit. Par cons\u00e9quent, pour que les commandes des clients qui commandent pour la premi\u00e8re fois sur nos sites d&rsquo;achat atteignent le stade de l&rsquo;approvisionnement et de la livraison, il est n\u00e9cessaire de confirmer l&rsquo;exactitude des informations financi\u00e8res et de l&rsquo;adresse\/du t\u00e9l\u00e9phone. Le cas \u00e9ch\u00e9ant, le titulaire de la carte de cr\u00e9dit ou la banque concern\u00e9e est contact\u00e9 pour v\u00e9rifier ces informations.  <\/p>\n\n<p>Vous seul pouvez acc\u00e9der \u00e0 toutes les informations que vous fournissez en devenant membre et les modifier. Si vous prot\u00e9gez vos informations de connexion en toute s\u00e9curit\u00e9, il n&rsquo;est pas possible pour d&rsquo;autres personnes d&rsquo;acc\u00e9der \u00e0 vos informations et de les modifier. \u00c0 cette fin, nous utilisons la zone de s\u00e9curit\u00e9 SSL 128 bits lors des transactions d&rsquo;adh\u00e9sion. Ce syst\u00e8me est une norme internationale de cryptage infranchissable.   <\/p>\n\n<p>Les sites d&rsquo;achat en ligne dot\u00e9s d&rsquo;une ligne d&rsquo;information ou d&rsquo;un service client\u00e8le et d&rsquo;une adresse et d&rsquo;un num\u00e9ro de t\u00e9l\u00e9phone ouverts sont aujourd&rsquo;hui les plus pris\u00e9s. Vous pouvez ainsi obtenir des informations d\u00e9taill\u00e9es sur toutes les questions que vous vous posez, ainsi que des informations plus saines sur la fiabilit\u00e9 de l&rsquo;entreprise qui fournit le service d&rsquo;achat en ligne. <\/p>\n\n<p><strong>Note :<\/strong> Nous vous recommandons de pr\u00eater attention \u00e0 l&rsquo;adresse ouverte et au num\u00e9ro de t\u00e9l\u00e9phone de l&rsquo;entreprise sur les sites d&rsquo;achat en ligne. Si vous allez faire des achats, notez toutes les informations concernant le t\u00e9l\u00e9phone et l&rsquo;adresse du magasin o\u00f9 vous achetez le produit avant de faire vos achats. Si vous n&rsquo;avez pas confiance, confirmez par t\u00e9l\u00e9phone avant d&rsquo;acheter. Toutes les informations relatives \u00e0 notre entreprise et \u00e0 son emplacement sont pr\u00e9cis\u00e9es sur tous nos sites d&rsquo;achat en ligne.   <\/p>\n\n<p><strong>S\u00c9CURIT\u00c9 DES INFORMATIONS RELATIVES AUX CARTES DE CR\u00c9DIT POUR LA VENTE PAR CORRESPONDANCE<\/strong><\/p>\n\n<p>Votre identit\u00e9 et les informations relatives \u00e0 votre carte de cr\u00e9dit que vous nous enverrez par la m\u00e9thode de commande postale par carte de cr\u00e9dit seront conserv\u00e9es par notre soci\u00e9t\u00e9 selon le principe de la confidentialit\u00e9. Ces informations sont conserv\u00e9es pendant 60 jours contre d&rsquo;\u00e9ventuelles oppositions au retrait de la carte de cr\u00e9dit qui pourraient survenir aupr\u00e8s de la banque et sont ensuite d\u00e9truites. Dans le cas o\u00f9 un montant autre que le co\u00fbt du formulaire de commande par correspondance approuv\u00e9 par vous, que vous nous enverrez en contrepartie du prix des produits que vous commandez, est retir\u00e9 de votre carte, vous pouvez naturellement faire opposition aupr\u00e8s de la banque et ce montant ne pr\u00e9sente pas de risque car vous pouvez emp\u00eacher le paiement de ce montant.  <\/p>\n\n<p><strong>SITES WEB ET APPLICATIONS DE TIERS<\/strong><\/p>\n\n<p>Notre magasin peut proposer des liens vers d&rsquo;autres sites \u00e0 l&rsquo;int\u00e9rieur du site web. Notre soci\u00e9t\u00e9 n&rsquo;est pas responsable des pratiques en mati\u00e8re de protection de la vie priv\u00e9e et du contenu des sites accessibles par ces liens. Les publicit\u00e9s publi\u00e9es sur le site web de notre soci\u00e9t\u00e9 sont distribu\u00e9es \u00e0 nos utilisateurs par l&rsquo;interm\u00e9diaire de nos partenaires publicitaires. Les principes de la politique de protection de la vie priv\u00e9e \u00e9nonc\u00e9s dans le pr\u00e9sent contrat ne concernent que l&rsquo;utilisation de notre magasin et ne couvrent pas les sites web de tiers.   <\/p>\n\n<p><strong>CIRCONSTANCES EXCEPTIONNELLES<\/strong><\/p>\n\n<p>Dans les cas limit\u00e9s sp\u00e9cifi\u00e9s ci-dessous, notre soci\u00e9t\u00e9 peut divulguer les informations des utilisateurs \u00e0 des tiers en dehors des dispositions de la pr\u00e9sente \u00ab\u00a0Politique de confidentialit\u00e9\u00a0\u00bb. Ces situations sont limit\u00e9es en nombre ; <\/p>\n\n<ol start=\"1\" class=\"wp-block-list\">\n<li>Respecter les obligations impos\u00e9es par les r\u00e8gles de droit en vigueur et \u00e9dict\u00e9es par l&rsquo;autorit\u00e9 juridique comp\u00e9tente, telles que la loi, le d\u00e9cret-loi, le r\u00e8glement, etc ;<\/li>\n\n\n\n<li>Afin de satisfaire aux exigences de l'\u00a0\u00bbaccord d&rsquo;adh\u00e9sion\u00a0\u00bb et d&rsquo;autres accords conclus par notre magasin avec les utilisateurs et de les mettre en pratique ;<\/li>\n\n\n\n<li>Demande d&rsquo;informations sur les utilisateurs par l&rsquo;autorit\u00e9 administrative et judiciaire comp\u00e9tente dans le cadre d&rsquo;une enqu\u00eate ou d&rsquo;un examen en bonne et due forme ;<\/li>\n\n\n\n<li>Il est n\u00e9cessaire de fournir des informations pour prot\u00e9ger les droits ou la s\u00e9curit\u00e9 des utilisateurs.<\/li>\n<\/ol>\n\n<p><strong>S\u00c9CURIT\u00c9 DES COURRIELS<\/strong><\/p>\n\n<p>N&rsquo;indiquez jamais votre num\u00e9ro de carte de cr\u00e9dit ou votre mot de passe dans les e-mails que vous envoyez au service client\u00e8le de notre magasin concernant vos commandes. Les informations contenues dans les courriers \u00e9lectroniques peuvent \u00eatre visibles par des tiers. Notre soci\u00e9t\u00e9 ne peut en aucun cas garantir la s\u00e9curit\u00e9 des informations transf\u00e9r\u00e9es \u00e0 partir de vos courriers \u00e9lectroniques.<\/p>\n\n<p><strong>COOKIES DU NAVIGATEUR<\/strong><\/p>\n\n<p>Notre soci\u00e9t\u00e9 peut obtenir des informations sur les utilisateurs qui visitent notre magasin et sur l&rsquo;utilisation du site web par les utilisateurs en utilisant un fichier de communication technique (Cookie-Cookie). Ces fichiers de communication technique sont de petits fichiers texte qu&rsquo;un site web envoie au navigateur de l&rsquo;utilisateur pour qu&rsquo;il les stocke dans la m\u00e9moire principale. Le fichier de communication technique facilite l&rsquo;utilisation d&rsquo;Internet en stockant l&rsquo;\u00e9tat et les pr\u00e9f\u00e9rences du site.<\/p>\n\n<p>Le fichier de communication technique permet d&rsquo;obtenir des informations statistiques sur le nombre de personnes qui visitent le site, dans quel but, combien de fois une personne visite le site et combien de temps elle reste sur le site, et de g\u00e9n\u00e9rer dynamiquement de la publicit\u00e9 et du contenu \u00e0 partir de pages sp\u00e9cialement con\u00e7ues pour les utilisateurs. Le fichier de communication technique n&rsquo;est pas con\u00e7u pour extraire des donn\u00e9es ou d&rsquo;autres informations personnelles de la m\u00e9moire principale ou de votre courrier \u00e9lectronique. La plupart des navigateurs sont initialement con\u00e7us pour accepter le fichier de communication technique, mais les utilisateurs peuvent modifier les param\u00e8tres de mani\u00e8re \u00e0 ce que le fichier de communication technique ne soit pas re\u00e7u ou qu&rsquo;un avertissement soit donn\u00e9 lorsque le fichier de communication technique est envoy\u00e9.<\/p>\n\n<p>Notre soci\u00e9t\u00e9 peut modifier les dispositions de la pr\u00e9sente \u00ab\u00a0Politique de confidentialit\u00e9\u00a0\u00bb \u00e0 tout moment en la publiant sur le site ou en envoyant un e-mail aux utilisateurs ou en la publiant sur son site. Si les dispositions de la politique de confidentialit\u00e9 sont modifi\u00e9es, elles entrent en vigueur \u00e0 la date de publication.<\/p>\n\n<p>Vous pouvez envoyer un courrier \u00e9lectronique \u00e0 [adresse \u00e9lectronique] pour toute question ou suggestion concernant notre politique en mati\u00e8re de protection de la vie priv\u00e9e. Vous pouvez nous contacter aux coordonn\u00e9es suivantes de notre entreprise.<\/p>\n\n<p><strong>Titre de la soci\u00e9t\u00e9 :<\/strong> Bakkalkoy Company<br\/><strong>Adresse :<\/strong> [Adresse]<br\/><strong>E-mail :<\/strong> [Adresse \u00e9lectronique]<br\/><strong>T\u00e9l :<\/strong> [Num\u00e9ro de t\u00e9l\u00e9phone]<br\/><strong>Fax :<\/strong> [Num\u00e9ro de fax]<\/p>\n","protected":false},"excerpt":{"rendered":"<p>Politique de Confidentialit\u00e9 et de S\u00e9curit\u00e9 Tous les services propos\u00e9s dans notre magasin appartiennent \u00e0 la soci\u00e9t\u00e9 Bakkalk\u00f6y enregistr\u00e9e \u00e0 [adresse] et sont g\u00e9r\u00e9s par notre soci\u00e9t\u00e9. Notre entreprise peut collecter des donn\u00e9es personnelles \u00e0 diverses fins. Nous pr\u00e9cisons ci-dessous comment et de quelle mani\u00e8re les donn\u00e9es personnelles sont collect\u00e9es, comment et de quelle mani\u00e8re [&hellip;]<\/p>\n","protected":false},"author":1,"featured_media":0,"parent":0,"menu_order":0,"comment_status":"closed","ping_status":"closed","template":"","meta":{"footnotes":""},"class_list":["post-9199","page","type-page","status-publish","hentry"],"_links":{"self":[{"href":"https:\/\/www.bakkalkoy.com\/fr\/wp-json\/wp\/v2\/pages\/9199","targetHints":{"allow":["GET"]}}],"collection":[{"href":"https:\/\/www.bakkalkoy.com\/fr\/wp-json\/wp\/v2\/pages"}],"about":[{"href":"https:\/\/www.bakkalkoy.com\/fr\/wp-json\/wp\/v2\/types\/page"}],"author":[{"embeddable":true,"href":"https:\/\/www.bakkalkoy.com\/fr\/wp-json\/wp\/v2\/users\/1"}],"replies":[{"embeddable":true,"href":"https:\/\/www.bakkalkoy.com\/fr\/wp-json\/wp\/v2\/comments?post=9199"}],"version-history":[{"count":1,"href":"https:\/\/www.bakkalkoy.com\/fr\/wp-json\/wp\/v2\/pages\/9199\/revisions"}],"predecessor-version":[{"id":9200,"href":"https:\/\/www.bakkalkoy.com\/fr\/wp-json\/wp\/v2\/pages\/9199\/revisions\/9200"}],"wp:attachment":[{"href":"https:\/\/www.bakkalkoy.com\/fr\/wp-json\/wp\/v2\/media?parent=9199"}],"curies":[{"name":"wp","href":"https:\/\/api.w.org\/{rel}","templated":true}]}}