{"id":9205,"date":"2020-02-07T01:36:33","date_gmt":"2020-02-06T22:36:33","guid":{"rendered":"https:\/\/www.bakkalkoy.com\/a-propos-de-nous\/"},"modified":"2026-01-14T15:14:16","modified_gmt":"2026-01-14T12:14:16","slug":"a-propos-de-nous","status":"publish","type":"page","link":"https:\/\/www.bakkalkoy.com\/fr\/a-propos-de-nous\/","title":{"rendered":"A Propos de Nous"},"content":{"rendered":"\t\t<div data-elementor-type=\"wp-page\" data-elementor-id=\"9205\" class=\"elementor elementor-9205 elementor-624\" data-elementor-post-type=\"page\">\n\t\t\t\t\t\t<section class=\"elementor-section elementor-top-section elementor-element elementor-element-51d8e10 elementor-section-stretched elementor-section-boxed elementor-section-height-default elementor-section-height-default\" data-id=\"51d8e10\" data-element_type=\"section\" data-e-type=\"section\" data-settings=\"{&quot;background_background&quot;:&quot;classic&quot;,&quot;stretch_section&quot;:&quot;section-stretched&quot;}\">\n\t\t\t\t\t\t<div class=\"elementor-container elementor-column-gap-no\">\n\t\t\t\t\t<div class=\"elementor-column elementor-col-100 elementor-top-column elementor-element elementor-element-bbf00b8\" data-id=\"bbf00b8\" data-element_type=\"column\" data-e-type=\"column\">\n\t\t\t<div class=\"elementor-widget-wrap elementor-element-populated\">\n\t\t\t\t\t\t<div class=\"elementor-element elementor-element-57b8d5c elementor-widget elementor-widget-heading\" data-id=\"57b8d5c\" data-element_type=\"widget\" data-e-type=\"widget\" data-widget_type=\"heading.default\">\n\t\t\t\t<div class=\"elementor-widget-container\">\n\t\t\t\t\t<h2 class=\"elementor-heading-title elementor-size-default\">A Propos de Nous<\/h2>\t\t\t\t<\/div>\n\t\t\t\t<\/div>\n\t\t\t\t<div class=\"elementor-element elementor-element-98bb993 elementor-widget elementor-widget-text-editor\" data-id=\"98bb993\" data-element_type=\"widget\" data-e-type=\"widget\" data-widget_type=\"text-editor.default\">\n\t\t\t\t<div class=\"elementor-widget-container\">\n\t\t\t\t\t\t\t\t\t<p>Bakkalk\u00f6y est une plateforme de commerce \u00e9lectronique durable et innovante qui rassemble les passionn\u00e9s d&rsquo;agriculture, d&rsquo;\u00e9levage et d&rsquo;alimentation biologique. Il a \u00e9t\u00e9 cr\u00e9\u00e9 pour faciliter l&rsquo;acc\u00e8s aux produits naturels, sains et biologiques et pour rapprocher directement les agriculteurs et les producteurs des consommateurs. Notre plateforme vise \u00e0 fournir un environnement commercial fiable, transparent et \u00e9quitable pour les producteurs et les consommateurs.<\/p><p>\u00c0 Bakkalk\u00f6y, les agriculteurs et les \u00e9leveurs peuvent facilement vendre leurs propres produits, tandis que les consommateurs d\u00e9sireux de se procurer des aliments biologiques peuvent d\u00e9couvrir les produits les plus naturels et les plus fiables. Nous visons \u00e9galement \u00e0 augmenter la production et la consommation conscientes dans le secteur en fournissant un partage d&rsquo;informations, des formations et un soutien communautaire \u00e0 toutes les personnes int\u00e9ress\u00e9es par l&rsquo;agriculture et l&rsquo;\u00e9levage.<\/p><p>Bakkalk\u00f6y apporte une bouff\u00e9e d&rsquo;air frais au secteur de l&rsquo;agriculture et de l&rsquo;\u00e9levage en combinant des m\u00e9thodes de production traditionnelles avec des technologies modernes tout en soutenant l&rsquo;agriculture durable. Gr\u00e2ce \u00e0 la compr\u00e9hension d&rsquo;un commerce sain, fiable et \u00e9quitable, nous construisons un pont qui va directement du producteur au consommateur. De cette mani\u00e8re, nous augmentons les revenus des producteurs et nous nous assurons que les consommateurs ont acc\u00e8s \u00e0 des produits de la plus haute qualit\u00e9 \u00e0 des prix abordables.<\/p><p><strong>Notre vision<\/strong><\/p><p>Cr\u00e9er un \u00e9cosyst\u00e8me durable o\u00f9 les produits naturels et biologiques sont accessibles \u00e0 tous en acc\u00e9l\u00e9rant la transformation num\u00e9rique dans le secteur de l&rsquo;agriculture et de l&rsquo;\u00e9levage. \u00catre une plateforme de premier plan qui apporte des aliments sains directement aux consommateurs en donnant aux agriculteurs et aux producteurs les moyens d&rsquo;agir. En m\u00eame temps, nous visons \u00e0 offrir des solutions locales aux probl\u00e8mes alimentaires mondiaux en soutenant la production locale.<\/p><p><strong>Notre mission<\/strong><\/p><ul><li><p>Soutenir les agriculteurs et les producteurs et leur permettre de commercialiser leurs produits de mani\u00e8re \u00e9quitable.<\/p><\/li><li><p>Promouvoir un mode de vie sain en facilitant l&rsquo;acc\u00e8s aux produits naturels et biologiques.<\/p><\/li><li><p>Augmenter la production et la consommation conscientes en diffusant des informations sur le secteur de l&rsquo;agriculture et de l&rsquo;\u00e9levage.<\/p><\/li><li><p>Promouvoir l&rsquo;agriculture et l&rsquo;\u00e9levage durables en soutenant la production locale.<\/p><\/li><li><p>\u00c9tablir un r\u00e9seau commercial fiable entre les producteurs et les consommateurs en utilisant efficacement la technologie.<\/p><\/li><li><p>Contribuer \u00e0 la protection des ressources naturelles par des pratiques respectueuses de l&rsquo;environnement.<\/p><\/li><\/ul>\t\t\t\t\t\t\t\t<\/div>\n\t\t\t\t<\/div>\n\t\t\t\t<section class=\"elementor-section elementor-inner-section elementor-element elementor-element-e715840 elementor-section-content-top elementor-section-boxed elementor-section-height-default elementor-section-height-default\" data-id=\"e715840\" data-element_type=\"section\" data-e-type=\"section\">\n\t\t\t\t\t\t<div class=\"elementor-container elementor-column-gap-no\">\n\t\t\t\t\t<div class=\"elementor-column elementor-col-50 elementor-inner-column elementor-element elementor-element-448b43c\" data-id=\"448b43c\" data-element_type=\"column\" data-e-type=\"column\">\n\t\t\t<div class=\"elementor-widget-wrap elementor-element-populated\">\n\t\t\t\t\t\t<div class=\"elementor-element elementor-element-15f9343 elementor-view-default elementor-widget elementor-widget-icon\" data-id=\"15f9343\" data-element_type=\"widget\" data-e-type=\"widget\" data-widget_type=\"icon.default\">\n\t\t\t\t<div class=\"elementor-widget-container\">\n\t\t\t\t\t\t\t<div class=\"elementor-icon-wrapper\">\n\t\t\t<div class=\"elementor-icon\">\n\t\t\t<i aria-hidden=\"true\" class=\"ekommart-icon- ekommart-icon-quote\"><\/i>\t\t\t<\/div>\n\t\t<\/div>\n\t\t\t\t\t\t<\/div>\n\t\t\t\t<\/div>\n\t\t\t\t\t<\/div>\n\t\t<\/div>\n\t\t\t\t<div class=\"elementor-column elementor-col-50 elementor-inner-column elementor-element elementor-element-4b3be3d\" data-id=\"4b3be3d\" data-element_type=\"column\" data-e-type=\"column\">\n\t\t\t<div class=\"elementor-widget-wrap elementor-element-populated\">\n\t\t\t\t\t\t<div class=\"elementor-element elementor-element-68c7ca1 elementor-widget elementor-widget-ekommart-testimonials\" data-id=\"68c7ca1\" data-element_type=\"widget\" data-e-type=\"widget\" data-widget_type=\"ekommart-testimonials.default\">\n\t\t\t\t<div class=\"elementor-widget-container\">\n\t\t\t\t\t            <div class=\"elementor-testimonial-item-wrapper\">\n                <div class=\"row\" data-elementor-columns=\"1\">\n                                            <div class=\"column-item elementor-testimonial-item\">\n                            <div class=\"item-box\">\n\n                                <span class=\"title\">\n                                                                    <\/span>\n\n                                <div class=\"icon\">\n                                    <span class=\"icon-inner\">\n                                        <i class=\"\"><\/i>\n                                    <\/span>\n                                <\/div>\n\n                                <div class=\"content\">\n                                    En tant que Bakkalk\u00f6y, nous continuons \u00e0 proposer des solutions innovantes dans le secteur de l'agriculture et de l'\u00e9levage, en tenant compte des besoins des producteurs et des consommateurs. Pour un avenir durable, nous soutenons des habitudes de production et de consommation compatibles avec la nature.                                <\/div>\n\n                                                                    <span class=\"testimonial-decor\"><\/span>\n                                \n                                \n                                <div class=\"details\">\n                                                                        <div class=\"name\">Bakkalk\u00f6y A.\u015e.<\/div>\n                                    <div class=\"job\"><\/div>\n                                <\/div>\n\n                            <\/div>\n                        <\/div>\n                                    <\/div>\n            <\/div>\n            \t\t\t\t<\/div>\n\t\t\t\t<\/div>\n\t\t\t\t\t<\/div>\n\t\t<\/div>\n\t\t\t\t\t<\/div>\n\t\t<\/section>\n\t\t\t\t\t<\/div>\n\t\t<\/div>\n\t\t\t\t\t<\/div>\n\t\t<\/section>\n\t\t\t\t<\/div>\n\t\t","protected":false},"excerpt":{"rendered":"<p>A Propos de Nous Bakkalk\u00f6y est une plateforme de commerce \u00e9lectronique durable et innovante qui rassemble les passionn\u00e9s d&rsquo;agriculture, d&rsquo;\u00e9levage et d&rsquo;alimentation biologique. Il a \u00e9t\u00e9 cr\u00e9\u00e9 pour faciliter l&rsquo;acc\u00e8s aux produits naturels, sains et biologiques et pour rapprocher directement les agriculteurs et les producteurs des consommateurs. Notre plateforme vise \u00e0 fournir un environnement commercial [&hellip;]<\/p>\n","protected":false},"author":1,"featured_media":0,"parent":0,"menu_order":0,"comment_status":"closed","ping_status":"closed","template":"","meta":{"footnotes":""},"class_list":["post-9205","page","type-page","status-publish","hentry"],"_links":{"self":[{"href":"https:\/\/www.bakkalkoy.com\/fr\/wp-json\/wp\/v2\/pages\/9205","targetHints":{"allow":["GET"]}}],"collection":[{"href":"https:\/\/www.bakkalkoy.com\/fr\/wp-json\/wp\/v2\/pages"}],"about":[{"href":"https:\/\/www.bakkalkoy.com\/fr\/wp-json\/wp\/v2\/types\/page"}],"author":[{"embeddable":true,"href":"https:\/\/www.bakkalkoy.com\/fr\/wp-json\/wp\/v2\/users\/1"}],"replies":[{"embeddable":true,"href":"https:\/\/www.bakkalkoy.com\/fr\/wp-json\/wp\/v2\/comments?post=9205"}],"version-history":[{"count":4,"href":"https:\/\/www.bakkalkoy.com\/fr\/wp-json\/wp\/v2\/pages\/9205\/revisions"}],"predecessor-version":[{"id":9240,"href":"https:\/\/www.bakkalkoy.com\/fr\/wp-json\/wp\/v2\/pages\/9205\/revisions\/9240"}],"wp:attachment":[{"href":"https:\/\/www.bakkalkoy.com\/fr\/wp-json\/wp\/v2\/media?parent=9205"}],"curies":[{"name":"wp","href":"https:\/\/api.w.org\/{rel}","templated":true}]}}